{"id":1686,"date":"2024-12-02T09:25:00","date_gmt":"2024-12-02T08:25:00","guid":{"rendered":"https:\/\/casino-bonuses.io\/?page_id=1686"},"modified":"2025-08-08T13:00:15","modified_gmt":"2025-08-08T11:00:15","slug":"free-spins-uden-indbetaling","status":"publish","type":"page","link":"https:\/\/casino-bonuses.io\/da\/free-spins-uden-indbetaling\/","title":{"rendered":"Free Spins uden indbetaling"},"content":{"rendered":"","protected":false},"excerpt":{"rendered":"","protected":false},"author":2,"featured_media":1687,"parent":0,"menu_order":0,"comment_status":"closed","ping_status":"closed","template":"","meta":{"_acf_changed":false,"footnotes":""},"class_list":["post-1686","page","type-page","status-publish","has-post-thumbnail","hentry"],"acf":[],"yoast_head":"<!-- This site is optimized with the Yoast SEO plugin v27.5 - https:\/\/yoast.com\/product\/yoast-seo-wordpress\/ -->\n<title>Free Spins uden indbetaling - Casino-Bonuses.io<\/title>\n<meta name=\"description\" content=\"F\u00e5 gratis spins uden indbetaling og l\u00e6r, hvordan du finder de bedste casino bonusser uden at skulle indbetale penge f\u00f8rst.\" \/>\n<meta name=\"robots\" content=\"index, follow, max-snippet:-1, max-image-preview:large, max-video-preview:-1\" \/>\n<link rel=\"canonical\" href=\"https:\/\/casino-bonuses.io\/da\/free-spins-uden-indbetaling\/\" \/>\n<meta property=\"og:locale\" content=\"da_DK\" \/>\n<meta property=\"og:type\" content=\"article\" \/>\n<meta property=\"og:title\" content=\"Free Spins uden indbetaling - Casino-Bonuses.io\" \/>\n<meta property=\"og:description\" content=\"F\u00e5 gratis spins uden indbetaling og l\u00e6r, hvordan du finder de bedste casino bonusser uden at skulle indbetale penge f\u00f8rst.\" \/>\n<meta property=\"og:url\" content=\"https:\/\/casino-bonuses.io\/da\/free-spins-uden-indbetaling\/\" \/>\n<meta property=\"og:site_name\" content=\"Casino-Bonuses.io\" \/>\n<meta property=\"article:modified_time\" content=\"2025-08-08T11:00:15+00:00\" \/>\n<meta property=\"og:image\" content=\"https:\/\/casino-bonuses.io\/wp-content\/uploads\/2024\/12\/freespins.jpg\" \/>\n\t<meta property=\"og:image:width\" content=\"1920\" \/>\n\t<meta property=\"og:image:height\" content=\"1080\" \/>\n\t<meta property=\"og:image:type\" content=\"image\/jpeg\" \/>\n<meta name=\"twitter:card\" content=\"summary_large_image\" \/>\n<meta name=\"twitter:label1\" content=\"Estimeret l\u00e6setid\" \/>\n\t<meta name=\"twitter:data1\" content=\"1 minut\" \/>\n<script type=\"application\/ld+json\" class=\"yoast-schema-graph\">{\"@context\":\"https:\\\/\\\/schema.org\",\"@graph\":[{\"@type\":\"WebPage\",\"@id\":\"https:\\\/\\\/casino-bonuses.io\\\/da\\\/free-spins-uden-indbetaling\\\/\",\"url\":\"https:\\\/\\\/casino-bonuses.io\\\/da\\\/free-spins-uden-indbetaling\\\/\",\"name\":\"Free Spins uden indbetaling - Casino-Bonuses.io\",\"isPartOf\":{\"@id\":\"https:\\\/\\\/casino-bonuses.io\\\/da\\\/#website\"},\"primaryImageOfPage\":{\"@id\":\"https:\\\/\\\/casino-bonuses.io\\\/da\\\/free-spins-uden-indbetaling\\\/#primaryimage\"},\"image\":{\"@id\":\"https:\\\/\\\/casino-bonuses.io\\\/da\\\/free-spins-uden-indbetaling\\\/#primaryimage\"},\"thumbnailUrl\":\"https:\\\/\\\/casino-bonuses.io\\\/wp-content\\\/uploads\\\/2024\\\/12\\\/freespins.jpg\",\"datePublished\":\"2024-12-02T08:25:00+00:00\",\"dateModified\":\"2025-08-08T11:00:15+00:00\",\"description\":\"F\u00e5 gratis spins uden indbetaling og l\u00e6r, hvordan du finder de bedste casino bonusser uden at skulle indbetale penge f\u00f8rst.\",\"breadcrumb\":{\"@id\":\"https:\\\/\\\/casino-bonuses.io\\\/da\\\/free-spins-uden-indbetaling\\\/#breadcrumb\"},\"inLanguage\":\"da-DK\",\"potentialAction\":[{\"@type\":\"ReadAction\",\"target\":[\"https:\\\/\\\/casino-bonuses.io\\\/da\\\/free-spins-uden-indbetaling\\\/\"]}]},{\"@type\":\"ImageObject\",\"inLanguage\":\"da-DK\",\"@id\":\"https:\\\/\\\/casino-bonuses.io\\\/da\\\/free-spins-uden-indbetaling\\\/#primaryimage\",\"url\":\"https:\\\/\\\/casino-bonuses.io\\\/wp-content\\\/uploads\\\/2024\\\/12\\\/freespins.jpg\",\"contentUrl\":\"https:\\\/\\\/casino-bonuses.io\\\/wp-content\\\/uploads\\\/2024\\\/12\\\/freespins.jpg\",\"width\":1920,\"height\":1080,\"caption\":\"Free Spins uden indbetaling\"},{\"@type\":\"BreadcrumbList\",\"@id\":\"https:\\\/\\\/casino-bonuses.io\\\/da\\\/free-spins-uden-indbetaling\\\/#breadcrumb\",\"itemListElement\":[{\"@type\":\"ListItem\",\"position\":1,\"name\":\"Hem\",\"item\":\"https:\\\/\\\/casino-bonuses.io\\\/da\\\/\"},{\"@type\":\"ListItem\",\"position\":2,\"name\":\"Free Spins uden indbetaling\"}]},{\"@type\":\"WebSite\",\"@id\":\"https:\\\/\\\/casino-bonuses.io\\\/da\\\/#website\",\"url\":\"https:\\\/\\\/casino-bonuses.io\\\/da\\\/\",\"name\":\"Casino-Bonuses.io\",\"description\":\"\",\"potentialAction\":[{\"@type\":\"SearchAction\",\"target\":{\"@type\":\"EntryPoint\",\"urlTemplate\":\"https:\\\/\\\/casino-bonuses.io\\\/da\\\/?s={search_term_string}\"},\"query-input\":{\"@type\":\"PropertyValueSpecification\",\"valueRequired\":true,\"valueName\":\"search_term_string\"}}],\"inLanguage\":\"da-DK\"}]}<\/script>\n<!-- \/ Yoast SEO plugin. -->","yoast_head_json":{"title":"Free Spins uden indbetaling - Casino-Bonuses.io","description":"F\u00e5 gratis spins uden indbetaling og l\u00e6r, hvordan du finder de bedste casino bonusser uden at skulle indbetale penge f\u00f8rst.","robots":{"index":"index","follow":"follow","max-snippet":"max-snippet:-1","max-image-preview":"max-image-preview:large","max-video-preview":"max-video-preview:-1"},"canonical":"https:\/\/casino-bonuses.io\/da\/free-spins-uden-indbetaling\/","og_locale":"da_DK","og_type":"article","og_title":"Free Spins uden indbetaling - Casino-Bonuses.io","og_description":"F\u00e5 gratis spins uden indbetaling og l\u00e6r, hvordan du finder de bedste casino bonusser uden at skulle indbetale penge f\u00f8rst.","og_url":"https:\/\/casino-bonuses.io\/da\/free-spins-uden-indbetaling\/","og_site_name":"Casino-Bonuses.io","article_modified_time":"2025-08-08T11:00:15+00:00","og_image":[{"width":1920,"height":1080,"url":"https:\/\/casino-bonuses.io\/wp-content\/uploads\/2024\/12\/freespins.jpg","type":"image\/jpeg"}],"twitter_card":"summary_large_image","twitter_misc":{"Estimeret l\u00e6setid":"1 minut"},"schema":{"@context":"https:\/\/schema.org","@graph":[{"@type":"WebPage","@id":"https:\/\/casino-bonuses.io\/da\/free-spins-uden-indbetaling\/","url":"https:\/\/casino-bonuses.io\/da\/free-spins-uden-indbetaling\/","name":"Free Spins uden indbetaling - Casino-Bonuses.io","isPartOf":{"@id":"https:\/\/casino-bonuses.io\/da\/#website"},"primaryImageOfPage":{"@id":"https:\/\/casino-bonuses.io\/da\/free-spins-uden-indbetaling\/#primaryimage"},"image":{"@id":"https:\/\/casino-bonuses.io\/da\/free-spins-uden-indbetaling\/#primaryimage"},"thumbnailUrl":"https:\/\/casino-bonuses.io\/wp-content\/uploads\/2024\/12\/freespins.jpg","datePublished":"2024-12-02T08:25:00+00:00","dateModified":"2025-08-08T11:00:15+00:00","description":"F\u00e5 gratis spins uden indbetaling og l\u00e6r, hvordan du finder de bedste casino bonusser uden at skulle indbetale penge f\u00f8rst.","breadcrumb":{"@id":"https:\/\/casino-bonuses.io\/da\/free-spins-uden-indbetaling\/#breadcrumb"},"inLanguage":"da-DK","potentialAction":[{"@type":"ReadAction","target":["https:\/\/casino-bonuses.io\/da\/free-spins-uden-indbetaling\/"]}]},{"@type":"ImageObject","inLanguage":"da-DK","@id":"https:\/\/casino-bonuses.io\/da\/free-spins-uden-indbetaling\/#primaryimage","url":"https:\/\/casino-bonuses.io\/wp-content\/uploads\/2024\/12\/freespins.jpg","contentUrl":"https:\/\/casino-bonuses.io\/wp-content\/uploads\/2024\/12\/freespins.jpg","width":1920,"height":1080,"caption":"Free Spins uden indbetaling"},{"@type":"BreadcrumbList","@id":"https:\/\/casino-bonuses.io\/da\/free-spins-uden-indbetaling\/#breadcrumb","itemListElement":[{"@type":"ListItem","position":1,"name":"Hem","item":"https:\/\/casino-bonuses.io\/da\/"},{"@type":"ListItem","position":2,"name":"Free Spins uden indbetaling"}]},{"@type":"WebSite","@id":"https:\/\/casino-bonuses.io\/da\/#website","url":"https:\/\/casino-bonuses.io\/da\/","name":"Casino-Bonuses.io","description":"","potentialAction":[{"@type":"SearchAction","target":{"@type":"EntryPoint","urlTemplate":"https:\/\/casino-bonuses.io\/da\/?s={search_term_string}"},"query-input":{"@type":"PropertyValueSpecification","valueRequired":true,"valueName":"search_term_string"}}],"inLanguage":"da-DK"}]}},"_links":{"self":[{"href":"https:\/\/casino-bonuses.io\/da\/wp-json\/wp\/v2\/pages\/1686","targetHints":{"allow":["GET"]}}],"collection":[{"href":"https:\/\/casino-bonuses.io\/da\/wp-json\/wp\/v2\/pages"}],"about":[{"href":"https:\/\/casino-bonuses.io\/da\/wp-json\/wp\/v2\/types\/page"}],"author":[{"embeddable":true,"href":"https:\/\/casino-bonuses.io\/da\/wp-json\/wp\/v2\/users\/2"}],"replies":[{"embeddable":true,"href":"https:\/\/casino-bonuses.io\/da\/wp-json\/wp\/v2\/comments?post=1686"}],"version-history":[{"count":4,"href":"https:\/\/casino-bonuses.io\/da\/wp-json\/wp\/v2\/pages\/1686\/revisions"}],"predecessor-version":[{"id":1713,"href":"https:\/\/casino-bonuses.io\/da\/wp-json\/wp\/v2\/pages\/1686\/revisions\/1713"}],"wp:featuredmedia":[{"embeddable":true,"href":"https:\/\/casino-bonuses.io\/da\/wp-json\/wp\/v2\/media\/1687"}],"wp:attachment":[{"href":"https:\/\/casino-bonuses.io\/da\/wp-json\/wp\/v2\/media?parent=1686"}],"curies":[{"name":"wp","href":"https:\/\/api.w.org\/{rel}","templated":true}]}}